{"id":91,"date":"2020-05-28T14:30:52","date_gmt":"2020-05-28T12:30:52","guid":{"rendered":"http:\/\/marymassage.fr\/?page_id=91"},"modified":"2020-11-04T12:46:02","modified_gmt":"2020-11-04T11:46:02","slug":"accueil","status":"publish","type":"page","link":"https:\/\/marymassage.fr\/","title":{"rendered":"ACCUEIL"},"content":{"rendered":"\n<h3 class=\"has-text-align-center wp-block-heading\">Accueil<\/h3>\n\n\n\n<br><br>\n\n\n\n<div class=\"wp-block-columns is-layout-flex wp-container-core-columns-is-layout-9d6595d7 wp-block-columns-is-layout-flex\">\n<div class=\"wp-block-column second-on-mobile is-layout-flow wp-block-column-is-layout-flow\" style=\"flex-basis:33.33%\">\n<figure class=\"aligncenter size-large is-resized\"><img loading=\"lazy\" decoding=\"async\" src=\"http:\/\/marymassage.fr\/wp-content\/uploads\/2020\/08\/arbre-1024x1020.png\" alt=\"\" class=\"wp-image-124\" width=\"199\" height=\"198\" srcset=\"https:\/\/marymassage.fr\/wp-content\/uploads\/2020\/08\/arbre-1024x1020.png 1024w, https:\/\/marymassage.fr\/wp-content\/uploads\/2020\/08\/arbre-300x300.png 300w, https:\/\/marymassage.fr\/wp-content\/uploads\/2020\/08\/arbre-150x150.png 150w, https:\/\/marymassage.fr\/wp-content\/uploads\/2020\/08\/arbre-768x765.png 768w, https:\/\/marymassage.fr\/wp-content\/uploads\/2020\/08\/arbre-1536x1530.png 1536w, https:\/\/marymassage.fr\/wp-content\/uploads\/2020\/08\/arbre-2048x2041.png 2048w, https:\/\/marymassage.fr\/wp-content\/uploads\/2020\/08\/arbre-67x67.png 67w, https:\/\/marymassage.fr\/wp-content\/uploads\/2020\/08\/arbre-24x24.png 24w, https:\/\/marymassage.fr\/wp-content\/uploads\/2020\/08\/arbre-36x36.png 36w, https:\/\/marymassage.fr\/wp-content\/uploads\/2020\/08\/arbre-48x48.png 48w\" sizes=\"auto, (max-width: 199px) 100vw, 199px\" \/><\/figure>\n\n\n\n<p><\/p>\n<\/div>\n\n\n\n<div class=\"wp-block-column is-layout-flow wp-block-column-is-layout-flow\" style=\"flex-basis:66.66%\">\n<p class=\"first-on-mobile\">De nos jours, courir, \u00eatre stress\u00e9, soucieux et inquiet est presque devenu la vraie nature de l\u2019homme pour r\u00e9pondre \u00e0 un syst\u00e8me qui demande toujours plus.&nbsp;<strong>STOP<\/strong>&nbsp;!! Revenez \u00e0 l\u2019essentiel&nbsp;: \u00ab<strong>VOUS<\/strong>\u00bb. Et pour cela je vous propose de vous envelopper avec mes massages qui vont vous apporter une profonde d\u00e9tente physique, vous allez vous retrouver avec un esprit calme, paisible et \u00eatre mieux disponible pour affronter votre quotidien.&nbsp;<\/p>\n\n\n\n<p>Pour mieux comprendre et \u00eatre r\u00e9ceptif aux bienfaits de ces massages je vous invite \u00e0 lire un peu de leurs histoires&nbsp;: cliquez&nbsp;<a href=\"http:\/\/www.marymassage.fr\/index.php\/histoire\/\" target=\"_blank\" rel=\"noreferrer noopener\">ici<\/a>.<\/p>\n\n\n\n<p><strong>Le petit plus<\/strong> dans mes pratiques, c\u2019est que je me limite \u00e0 deux massages par jour, exceptionnellement trois, pour me pr\u00e9server, vous pr\u00e9server, \u00eatre mieux disponible et vous donner le meilleur \u00e0 travers mes massages.<\/p>\n<\/div>\n<\/div>\n","protected":false},"excerpt":{"rendered":"<p>Accueil De nos jours, courir, \u00eatre stress\u00e9, soucieux et inquiet est presque devenu la vraie nature de l\u2019homme pour r\u00e9pondre \u00e0 un syst\u00e8me qui demande&hellip;<\/p>\n","protected":false},"author":1,"featured_media":0,"parent":0,"menu_order":0,"comment_status":"closed","ping_status":"closed","template":"","meta":{"footnotes":""},"class_list":["post-91","page","type-page","status-publish","hentry"],"_links":{"self":[{"href":"https:\/\/marymassage.fr\/index.php\/wp-json\/wp\/v2\/pages\/91","targetHints":{"allow":["GET"]}}],"collection":[{"href":"https:\/\/marymassage.fr\/index.php\/wp-json\/wp\/v2\/pages"}],"about":[{"href":"https:\/\/marymassage.fr\/index.php\/wp-json\/wp\/v2\/types\/page"}],"author":[{"embeddable":true,"href":"https:\/\/marymassage.fr\/index.php\/wp-json\/wp\/v2\/users\/1"}],"replies":[{"embeddable":true,"href":"https:\/\/marymassage.fr\/index.php\/wp-json\/wp\/v2\/comments?post=91"}],"version-history":[{"count":17,"href":"https:\/\/marymassage.fr\/index.php\/wp-json\/wp\/v2\/pages\/91\/revisions"}],"predecessor-version":[{"id":379,"href":"https:\/\/marymassage.fr\/index.php\/wp-json\/wp\/v2\/pages\/91\/revisions\/379"}],"wp:attachment":[{"href":"https:\/\/marymassage.fr\/index.php\/wp-json\/wp\/v2\/media?parent=91"}],"curies":[{"name":"wp","href":"https:\/\/api.w.org\/{rel}","templated":true}]}}