{"id":67,"date":"2020-05-05T16:22:09","date_gmt":"2020-05-05T14:22:09","guid":{"rendered":"http:\/\/localhost\/wp\/?page_id=67"},"modified":"2020-11-20T08:44:21","modified_gmt":"2020-11-20T07:44:21","slug":"qui-je-suis","status":"publish","type":"page","link":"https:\/\/marymassage.fr\/index.php\/qui-je-suis\/","title":{"rendered":"A propos de moi"},"content":{"rendered":"\n<h3 class=\"has-text-align-center wp-block-heading\">A propos de moi<\/h3>\n\n\n\n<br><br>\n\n\n\n<div class=\"wp-block-columns are-vertically-aligned-top is-layout-flex wp-container-core-columns-is-layout-9d6595d7 wp-block-columns-is-layout-flex\">\n<div class=\"wp-block-column is-vertically-aligned-top second-on-mobile is-layout-flow wp-block-column-is-layout-flow\" style=\"flex-basis:33.33%\">\n<div class=\"wp-block-image\"><figure class=\"alignleft size-large is-resized\"><img loading=\"lazy\" decoding=\"async\" src=\"http:\/\/marymassage.fr\/wp-content\/uploads\/2020\/11\/IMG-20201112-WA0001-796x1024.jpg\" alt=\"\" class=\"wp-image-409\" width=\"256\" height=\"329\" srcset=\"https:\/\/marymassage.fr\/wp-content\/uploads\/2020\/11\/IMG-20201112-WA0001-796x1024.jpg 796w, https:\/\/marymassage.fr\/wp-content\/uploads\/2020\/11\/IMG-20201112-WA0001-233x300.jpg 233w, https:\/\/marymassage.fr\/wp-content\/uploads\/2020\/11\/IMG-20201112-WA0001-768x988.jpg 768w, https:\/\/marymassage.fr\/wp-content\/uploads\/2020\/11\/IMG-20201112-WA0001-1194x1536.jpg 1194w, https:\/\/marymassage.fr\/wp-content\/uploads\/2020\/11\/IMG-20201112-WA0001-19x24.jpg 19w, https:\/\/marymassage.fr\/wp-content\/uploads\/2020\/11\/IMG-20201112-WA0001-28x36.jpg 28w, https:\/\/marymassage.fr\/wp-content\/uploads\/2020\/11\/IMG-20201112-WA0001-37x48.jpg 37w, https:\/\/marymassage.fr\/wp-content\/uploads\/2020\/11\/IMG-20201112-WA0001.jpg 1212w\" sizes=\"auto, (max-width: 256px) 100vw, 256px\" \/><\/figure><\/div>\n<\/div>\n\n\n\n<div class=\"wp-block-column is-vertically-aligned-top is-layout-flow wp-block-column-is-layout-flow\" style=\"flex-basis:66.66%\">\n<p>Lorsque je regarde ma vie, je me sens riche de tout mon v\u00e9cu. Je ne regrette rien. Je suis la voix de mon c\u0153ur, de mes intuitions, d\u2019un ressenti profond. Mes moments fragiles m\u2019ont amen\u00e9s \u00e0 ma force, une force qui est \u00e0 l\u2019int\u00e9rieur de moi, pour me dire qui je suis, pour m\u2019aider \u00e0 retrouver la meilleure version de moi-m\u00eame.<\/p>\n\n\n\n<p>J\u2019ai travaill\u00e9 chez moi comme assistante maternelle, pour en m\u00eame temps \u00eatre pr\u00e8s de mes deux enfants. Ensuite j\u2019ai travaill\u00e9 au poste de secr\u00e9taire administratif pendant onze ans et de temps \u00e0 autre je me rendais en tant que b\u00e9n\u00e9vole aupr\u00e8s des personnes \u00e2g\u00e9es dans une maison sp\u00e9cialis\u00e9e, car la gentillesse, l\u2019\u00e9coute, la patience, la douceur et la bienveillance sont mes qualit\u00e9s, et j\u2019en ai \u00e9t\u00e9 tr\u00e8s contente. Mais il y avait toujours au fond de moi, un vide, et je me sentais appel\u00e9e et attir\u00e9e par autre chose. Apr\u00e8s avoir fait beaucoup de travail sur moi-m\u00eame pendant des ann\u00e9es, ainsi que de nombreux stages et ateliers, j\u2019ai senti, compris et trouv\u00e9 ce qui me tient le plus \u00e0 c\u0153ur : \u00ab LES MASSAGES \u00bb. J\u2019ai donc suivi des formations de massages ayurv\u00e9diques et de r\u00e9flexologie plantaire, car l\u00e0 encore j\u2019ai \u00e9t\u00e9 attir\u00e9e par des massages qui non seulement apportent un bien-\u00eatre physique, mais aussi qui vont plus loin, qui prennent une dimension corps-esprit ; car je sens que les deux vont ensemble, et par mon v\u00e9cu, \u00e0 des moments, ils m\u2019ont bien aid\u00e9s. Maintenant, je me sens pr\u00eate \u00e0 les partager avec vous.<\/p>\n\n\n\n<p>Et me voil\u00e0 arriv\u00e9e \u00e0 une nouvelle \u00e9tape de ma vie&nbsp;: <strong>LA RENCONTRE AVEC L\u2019AUTRE.<\/strong><\/p>\n<\/div>\n<\/div>\n","protected":false},"excerpt":{"rendered":"<p>A propos de moi Lorsque je regarde ma vie, je me sens riche de tout mon v\u00e9cu. Je ne regrette rien. Je suis la voix&hellip;<\/p>\n","protected":false},"author":1,"featured_media":0,"parent":0,"menu_order":0,"comment_status":"closed","ping_status":"closed","template":"","meta":{"footnotes":""},"class_list":["post-67","page","type-page","status-publish","hentry"],"_links":{"self":[{"href":"https:\/\/marymassage.fr\/index.php\/wp-json\/wp\/v2\/pages\/67","targetHints":{"allow":["GET"]}}],"collection":[{"href":"https:\/\/marymassage.fr\/index.php\/wp-json\/wp\/v2\/pages"}],"about":[{"href":"https:\/\/marymassage.fr\/index.php\/wp-json\/wp\/v2\/types\/page"}],"author":[{"embeddable":true,"href":"https:\/\/marymassage.fr\/index.php\/wp-json\/wp\/v2\/users\/1"}],"replies":[{"embeddable":true,"href":"https:\/\/marymassage.fr\/index.php\/wp-json\/wp\/v2\/comments?post=67"}],"version-history":[{"count":37,"href":"https:\/\/marymassage.fr\/index.php\/wp-json\/wp\/v2\/pages\/67\/revisions"}],"predecessor-version":[{"id":426,"href":"https:\/\/marymassage.fr\/index.php\/wp-json\/wp\/v2\/pages\/67\/revisions\/426"}],"wp:attachment":[{"href":"https:\/\/marymassage.fr\/index.php\/wp-json\/wp\/v2\/media?parent=67"}],"curies":[{"name":"wp","href":"https:\/\/api.w.org\/{rel}","templated":true}]}}