{"id":43,"date":"2020-05-05T16:10:42","date_gmt":"2020-05-05T14:10:42","guid":{"rendered":"http:\/\/localhost\/wp\/?page_id=43"},"modified":"2020-11-04T12:43:53","modified_gmt":"2020-11-04T11:43:53","slug":"43-2","status":"publish","type":"page","link":"https:\/\/marymassage.fr\/index.php\/43-2\/","title":{"rendered":"pratiques"},"content":{"rendered":"\n<h3 class=\"has-text-align-center wp-block-heading\">Mes pratiques<\/h3>\n\n\n\n<br><br>\n\n\n\n<div class=\"wp-block-columns first-on-mobile is-layout-flex wp-container-core-columns-is-layout-9d6595d7 wp-block-columns-is-layout-flex\">\n<div class=\"wp-block-column first-on-mobile is-layout-flow wp-block-column-is-layout-flow\">\n<h4 class=\"first-on-mobile wp-block-heading\"><strong><span style=\"color:#fbd62c\" class=\"has-inline-color\">R\u00e9flexologie plantaire<\/span><\/strong><\/h4>\n\n\n\n<p style=\"border-left: 2px solid #fbd62c;padding:10px;\"><strong><span style=\"color:#fbd62c\" class=\"has-inline-color\">M\u00e9thode Tha\u00eflandaise<\/span><\/strong><br><strong><em>Massage des pieds diffusant un bien-\u00eatre \u00e0 l\u2019ensemble de l\u2019organisme.<\/em><\/strong><\/p>\n<\/div>\n\n\n\n<div class=\"wp-block-column fourth-on-mobile is-layout-flow wp-block-column-is-layout-flow\">\n<h4 class=\"third-on-mobile wp-block-heading\"><strong><span style=\"color:#b6c727\" class=\"has-inline-color\">Massage Ayurv\u00e9dique<\/span><\/strong><\/h4>\n\n\n\n<p style=\"border-left: 2px solid #b6c727;padding:10px;\"><strong><span style=\"color:#b6c727\" class=\"has-inline-color\">M\u00e9thode Abhyanga<\/span><\/strong><br><strong><em>Massage \u00e9nerg\u00e9tique permettant au corps et \u00e0 l\u2019esprit de retrouver int\u00e9grit\u00e9 et bien-\u00eatre.<\/em><\/strong><\/p>\n<\/div>\n<\/div>\n\n\n\n<figure class=\"wp-block-image size-large third-on-mobile\"><img loading=\"lazy\" decoding=\"async\" width=\"900\" height=\"455\" src=\"http:\/\/marymassage.fr\/wp-content\/uploads\/2020\/05\/grande.png\" alt=\"\" class=\"wp-image-21\" srcset=\"https:\/\/marymassage.fr\/wp-content\/uploads\/2020\/05\/grande.png 900w, https:\/\/marymassage.fr\/wp-content\/uploads\/2020\/05\/grande-300x152.png 300w, https:\/\/marymassage.fr\/wp-content\/uploads\/2020\/05\/grande-768x388.png 768w, https:\/\/marymassage.fr\/wp-content\/uploads\/2020\/05\/grande-24x12.png 24w, https:\/\/marymassage.fr\/wp-content\/uploads\/2020\/05\/grande-36x18.png 36w, https:\/\/marymassage.fr\/wp-content\/uploads\/2020\/05\/grande-48x24.png 48w\" sizes=\"auto, (max-width: 900px) 100vw, 900px\" \/><\/figure>\n\n\n\n<div class=\"wp-block-columns second-on-mobile is-layout-flex wp-container-core-columns-is-layout-9d6595d7 wp-block-columns-is-layout-flex\">\n<div class=\"wp-block-column is-layout-flow wp-block-column-is-layout-flow\">\n<div class=\"wp-block-group second-on-mobile\"><div class=\"wp-block-group__inner-container is-layout-flow wp-block-group-is-layout-flow\">\n<p style=\"border-left: 2px solid #fbd62c;padding:10px;\">Le corps se projette dans les pieds.<br>En touchant les pieds on touche le corps \u00e0 distance.<br>Ce massage va vous offrir une profonde relaxation et s\u00e9r\u00e9nit\u00e9, une autor\u00e9gulation des diff\u00e9rentes zones du corps en soulageant les douleurs les plus courantes : mal de dos, maux de t\u00eate, maux de ventre&#8230;pour ensuite se retrouver avec un corps et un esprit paisible.<\/p>\n<\/div><\/div>\n<\/div>\n\n\n\n<div class=\"wp-block-column first-on-mobile is-layout-flow wp-block-column-is-layout-flow\">\n<p style=\"border-left: 2px solid #b6c727;padding:10px;\">Par le biais d\u2019un toucher doux et ferme \u00e0 la fois,<br>d\u2019effleurements, d\u2019accupressions et aussi d\u2019\u00e9tirements, ce massage, en plus de vous apporter une profonde d\u00e9tente et une circulation harmonieuse de l\u2019\u00e9nergie vitale, a pour but d\u2019\u00e9vacuer le stress, de d\u00e9canter les toxines, d\u2019am\u00e9liorer la circulation sanguine&#8230;pour mieux s\u2019adapter aux \u00e9v\u00e8nements ext\u00e9rieurs.<\/p>\n<\/div>\n<\/div>\n\n\n\n<br><h3 class=\"has-text-align-center\">D\u00e9roulement des s\u00e9ances<\/h3><br><br>\n\n\n\n<div class=\"wp-block-columns are-vertically-aligned-top is-layout-flex wp-container-core-columns-is-layout-9d6595d7 wp-block-columns-is-layout-flex\">\n<div class=\"wp-block-column is-vertically-aligned-top is-layout-flow wp-block-column-is-layout-flow\">\n<p><span style=\"color:#fbd62c\" class=\"has-inline-color\">R\u00e9flexologie plantaire :<\/span><\/p>\n\n\n\n<p style=\"border-left: 2px solid #fbd62c;padding:10px;\">Vous \u00eates install\u00e9 sur une table de massage et je proc\u00e8de au nettoyage de vos pieds avec une lingette rafra\u00eechissante. J\u2019utilise une cr\u00e8me ou de l\u2019huile, ou le m\u00e9lange des deux. Je commence avec un massage manuel, puis je me sers d\u2019un b\u00e2tonnet de bois pour gratter, masser et effectuer des points de pressions, principalement sur la plante des pieds. A nouveau je masse manuellement, en montant jusqu\u2019au genou. A l\u2019issu de la s\u00e9ance, je vous laisse le temps n\u00e9cessaire pour reprendre tranquillement vos esprits et profiter de ce moment.<\/p>\n<\/div>\n\n\n\n<div class=\"wp-block-column is-vertically-aligned-top is-layout-flow wp-block-column-is-layout-flow\">\n<p><span style=\"color:#b6c727\" class=\"has-inline-color\">Massage ayurv\u00e9dique&nbsp;\u2013 Abhyanga :<\/span><\/p>\n\n\n\n<p style=\"border-left: 2px solid #b6c727;padding:10px;\">Vous \u00eates install\u00e9 en position allong\u00e9 sur une table de massage, en sous-v\u00eatements. Vous \u00eates couvert d\u2019un drap durant toute la s\u00e9ance et seule la zone \u00e0 masser est d\u00e9couverte. Je masse avec l\u2019huile de s\u00e9same ou neutre. Je commence par la partie ant\u00e9rieure du corps (pied, jambe, ventre, bras, d\u00e9collet\u00e9, visage et t\u00eate), puis la partie post\u00e9rieure (dos, jambe). A l\u2019issu de la s\u00e9ance, je vous laisse le temps n\u00e9cessaire pour reprendre tranquillement vos esprits et profiter de ce moment.<\/p>\n<\/div>\n<\/div>\n\n\n\n<p>La fr\u00e9quence de ces deux massages varie d&rsquo;une personne \u00e0 l&rsquo;autre, tout d\u00e9pend de la r\u00e9ceptivit\u00e9. Certaines personnes vont r\u00e9agir tr\u00e8s rapidement (\u00e0 l&rsquo;issu d&rsquo;une s\u00e9ance), d&rsquo;autres r\u00e9agiront apr\u00e8s plusieurs s\u00e9ances, ou ne r\u00e9agiront pas. Dans tous les cas, ils vous apporteront une relaxation et d\u00e9tente profonde.<\/p>\n\n\n\n<p><strong><em>Ces massages ne remplacent pas un suivi m\u00e9dical.<\/em><\/strong><\/p>\n\n\n\n<p><\/p>\n","protected":false},"excerpt":{"rendered":"<p>Mes pratiques R\u00e9flexologie plantaire M\u00e9thode Tha\u00eflandaiseMassage des pieds diffusant un bien-\u00eatre \u00e0 l\u2019ensemble de l\u2019organisme. Massage Ayurv\u00e9dique M\u00e9thode AbhyangaMassage \u00e9nerg\u00e9tique permettant au corps et \u00e0&hellip;<\/p>\n","protected":false},"author":1,"featured_media":0,"parent":0,"menu_order":0,"comment_status":"closed","ping_status":"closed","template":"","meta":{"footnotes":""},"class_list":["post-43","page","type-page","status-publish","hentry"],"_links":{"self":[{"href":"https:\/\/marymassage.fr\/index.php\/wp-json\/wp\/v2\/pages\/43","targetHints":{"allow":["GET"]}}],"collection":[{"href":"https:\/\/marymassage.fr\/index.php\/wp-json\/wp\/v2\/pages"}],"about":[{"href":"https:\/\/marymassage.fr\/index.php\/wp-json\/wp\/v2\/types\/page"}],"author":[{"embeddable":true,"href":"https:\/\/marymassage.fr\/index.php\/wp-json\/wp\/v2\/users\/1"}],"replies":[{"embeddable":true,"href":"https:\/\/marymassage.fr\/index.php\/wp-json\/wp\/v2\/comments?post=43"}],"version-history":[{"count":38,"href":"https:\/\/marymassage.fr\/index.php\/wp-json\/wp\/v2\/pages\/43\/revisions"}],"predecessor-version":[{"id":377,"href":"https:\/\/marymassage.fr\/index.php\/wp-json\/wp\/v2\/pages\/43\/revisions\/377"}],"wp:attachment":[{"href":"https:\/\/marymassage.fr\/index.php\/wp-json\/wp\/v2\/media?parent=43"}],"curies":[{"name":"wp","href":"https:\/\/api.w.org\/{rel}","templated":true}]}}