{"id":103,"date":"2020-08-13T13:09:06","date_gmt":"2020-08-13T11:09:06","guid":{"rendered":"http:\/\/marymassage.fr\/?page_id=103"},"modified":"2024-05-02T10:40:24","modified_gmt":"2024-05-02T08:40:24","slug":"tarifs","status":"publish","type":"page","link":"https:\/\/marymassage.fr\/index.php\/tarifs\/","title":{"rendered":"tarifs"},"content":{"rendered":"\n<h3 class=\"wp-block-heading has-text-align-center\">Tarifs<\/h3>\n\n\n\n<br><br>\n\n\n\n<div class=\"wp-block-group\"><div class=\"wp-block-group__inner-container is-layout-flow wp-block-group-is-layout-flow\">\n<div class=\"wp-block-group\"><div class=\"wp-block-group__inner-container is-layout-flow wp-block-group-is-layout-flow\"><\/div><\/div>\n\n\n\n<div class=\"wp-block-columns are-vertically-aligned-center is-layout-flex wp-container-core-columns-is-layout-9d6595d7 wp-block-columns-is-layout-flex\">\n<div class=\"wp-block-column is-vertically-aligned-center is-layout-flow wp-block-column-is-layout-flow\">\n<h4 class=\"wp-block-heading\">Massage Ayurv\u00e9dique<\/h4>\n\n\n\n<p><mark style=\"background-color:rgba(0, 0, 0, 0);color:#b6c727\" class=\"has-inline-color\">M\u00e9thode Abhyanga 1h30 : 70 \u20ac<br>12 s\u00e9ances et la 13\u00e8me Gratuite<\/mark><\/p>\n\n\n\n<h4 class=\"wp-block-heading\">R\u00e9flexologie plantaire<\/h4>\n\n\n\n<p><mark style=\"background-color:rgba(0, 0, 0, 0);color:#fbd62c\" class=\"has-inline-color\">M\u00e9thode Tha\u00eflandaise 1h : 50\u20ac<br>12 s\u00e9ances et la 13\u00e8me Gratuite<\/mark><mark style=\"background-color:rgba(0, 0, 0, 0);color:#fbd62c\" class=\"has-inline-color\"><\/mark><\/p>\n\n\n\n<br><br>\n<\/div>\n\n\n\n<div class=\"wp-block-column is-vertically-aligned-center is-layout-flow wp-block-column-is-layout-flow\"><div class=\"wp-block-image\">\n<figure class=\"aligncenter size-large is-resized\"><img loading=\"lazy\" decoding=\"async\" width=\"1024\" height=\"1020\" src=\"http:\/\/marymassage.fr\/wp-content\/uploads\/2020\/08\/arbre-1024x1020.png\" alt=\"\" class=\"wp-image-124\" style=\"width:199px;height:198px\" srcset=\"https:\/\/marymassage.fr\/wp-content\/uploads\/2020\/08\/arbre-1024x1020.png 1024w, https:\/\/marymassage.fr\/wp-content\/uploads\/2020\/08\/arbre-300x300.png 300w, https:\/\/marymassage.fr\/wp-content\/uploads\/2020\/08\/arbre-150x150.png 150w, https:\/\/marymassage.fr\/wp-content\/uploads\/2020\/08\/arbre-768x765.png 768w, https:\/\/marymassage.fr\/wp-content\/uploads\/2020\/08\/arbre-1536x1530.png 1536w, https:\/\/marymassage.fr\/wp-content\/uploads\/2020\/08\/arbre-2048x2041.png 2048w, https:\/\/marymassage.fr\/wp-content\/uploads\/2020\/08\/arbre-67x67.png 67w, https:\/\/marymassage.fr\/wp-content\/uploads\/2020\/08\/arbre-24x24.png 24w, https:\/\/marymassage.fr\/wp-content\/uploads\/2020\/08\/arbre-36x36.png 36w, https:\/\/marymassage.fr\/wp-content\/uploads\/2020\/08\/arbre-48x48.png 48w\" sizes=\"auto, (max-width: 1024px) 100vw, 1024px\" \/><\/figure>\n<\/div>\n\n\n<p><strong>Possibilit\u00e9 d\u2019intervention \u00e0 domicile<\/strong> <strong>+ frais de d\u00e9placement<\/strong><\/p>\n<\/div>\n\n\n\n<div class=\"wp-block-column is-vertically-aligned-center is-layout-flow wp-block-column-is-layout-flow\">\n<h4 class=\"wp-block-heading has-text-align-left\" id=\"block-58d33ad1-ed8f-45ca-a6e9-fcc16c00b5bc\">Formules<\/h4>\n\n\n\n<p><mark style=\"background-color:rgba(0, 0, 0, 0);color:#b6c727\" class=\"has-inline-color\">4 s\u00e9ances Ayurv\u00e9diques : 260 \u20ac<\/mark><br><mark style=\"background-color:rgba(0, 0, 0, 0);color:#fbd62c\" class=\"has-inline-color\">4 s\u00e9ances R\u00e9flexologie plantaire : 180 \u20ac<\/mark><br><mark style=\"background-color:rgba(0, 0, 0, 0);color:#b6c727\" class=\"has-inline-color\">2 s\u00e9ances Ayurv\u00e9diques <\/mark>+<br><mark style=\"background-color:rgba(0, 0, 0, 0);color:#fbd62c\" class=\"has-inline-color\">2 s\u00e9ances R\u00e9flexologie plantaire : 220 \u20ac<\/mark><\/p>\n\n\n\n<ul class=\"wp-block-list\">\n<li>Valable 4 mois<\/li>\n\n\n\n<li>Facilit\u00e9 de paiement<\/li>\n<\/ul>\n<\/div>\n<\/div>\n<\/div><\/div>\n","protected":false},"excerpt":{"rendered":"<p>Tarifs Massage Ayurv\u00e9dique M\u00e9thode Abhyanga 1h30 : 70 \u20ac12 s\u00e9ances et la 13\u00e8me Gratuite R\u00e9flexologie plantaire M\u00e9thode Tha\u00eflandaise 1h : 50\u20ac12 s\u00e9ances et la 13\u00e8me&hellip;<\/p>\n","protected":false},"author":1,"featured_media":0,"parent":0,"menu_order":0,"comment_status":"closed","ping_status":"closed","template":"","meta":{"footnotes":""},"class_list":["post-103","page","type-page","status-publish","hentry"],"_links":{"self":[{"href":"https:\/\/marymassage.fr\/index.php\/wp-json\/wp\/v2\/pages\/103","targetHints":{"allow":["GET"]}}],"collection":[{"href":"https:\/\/marymassage.fr\/index.php\/wp-json\/wp\/v2\/pages"}],"about":[{"href":"https:\/\/marymassage.fr\/index.php\/wp-json\/wp\/v2\/types\/page"}],"author":[{"embeddable":true,"href":"https:\/\/marymassage.fr\/index.php\/wp-json\/wp\/v2\/users\/1"}],"replies":[{"embeddable":true,"href":"https:\/\/marymassage.fr\/index.php\/wp-json\/wp\/v2\/comments?post=103"}],"version-history":[{"count":30,"href":"https:\/\/marymassage.fr\/index.php\/wp-json\/wp\/v2\/pages\/103\/revisions"}],"predecessor-version":[{"id":433,"href":"https:\/\/marymassage.fr\/index.php\/wp-json\/wp\/v2\/pages\/103\/revisions\/433"}],"wp:attachment":[{"href":"https:\/\/marymassage.fr\/index.php\/wp-json\/wp\/v2\/media?parent=103"}],"curies":[{"name":"wp","href":"https:\/\/api.w.org\/{rel}","templated":true}]}}